{"id":2109,"date":"2020-03-19T12:23:55","date_gmt":"2020-03-19T15:23:55","guid":{"rendered":"https:\/\/iesarmstrong-cat.infd.edu.ar\/sitio\/?page_id=2109"},"modified":"2021-03-08T18:05:24","modified_gmt":"2021-03-08T21:05:24","slug":"material-de-estudio","status":"publish","type":"page","link":"https:\/\/iesarmstrong-cat.infd.edu.ar\/sitio\/material-de-estudio\/","title":{"rendered":"MATERIAL DE ESTUDIO"},"content":{"rendered":"<p>El material de estudio proporcionado por los Docentes de todas las carreras y cursos, estar\u00e1n dispuestos en esta secci\u00f3n ingresando a cada una de las carreras. Recuerden que diariamente se estar\u00e1n actualizando los distintos materiales.<\/p>\n","protected":false},"excerpt":{"rendered":"<p>El material de estudio proporcionado por los Docentes de todas las carreras y cursos, estar\u00e1n dispuestos en esta secci\u00f3n ingresando a cada una de las carreras. Recuerden que diariamente se estar\u00e1n actualizando los distintos materiales.<\/p>\n","protected":false},"author":452,"featured_media":0,"parent":0,"menu_order":0,"comment_status":"closed","ping_status":"closed","template":"","meta":[],"acf":[],"_links":{"self":[{"href":"https:\/\/iesarmstrong-cat.infd.edu.ar\/sitio\/wp-json\/wp\/v2\/pages\/2109"}],"collection":[{"href":"https:\/\/iesarmstrong-cat.infd.edu.ar\/sitio\/wp-json\/wp\/v2\/pages"}],"about":[{"href":"https:\/\/iesarmstrong-cat.infd.edu.ar\/sitio\/wp-json\/wp\/v2\/types\/page"}],"author":[{"embeddable":true,"href":"https:\/\/iesarmstrong-cat.infd.edu.ar\/sitio\/wp-json\/wp\/v2\/users\/452"}],"replies":[{"embeddable":true,"href":"https:\/\/iesarmstrong-cat.infd.edu.ar\/sitio\/wp-json\/wp\/v2\/comments?post=2109"}],"version-history":[{"count":10,"href":"https:\/\/iesarmstrong-cat.infd.edu.ar\/sitio\/wp-json\/wp\/v2\/pages\/2109\/revisions"}],"predecessor-version":[{"id":2128,"href":"https:\/\/iesarmstrong-cat.infd.edu.ar\/sitio\/wp-json\/wp\/v2\/pages\/2109\/revisions\/2128"}],"wp:attachment":[{"href":"https:\/\/iesarmstrong-cat.infd.edu.ar\/sitio\/wp-json\/wp\/v2\/media?parent=2109"}],"curies":[{"name":"wp","href":"https:\/\/api.w.org\/{rel}","templated":true}]}}