{"id":2123,"date":"2020-03-19T20:21:13","date_gmt":"2020-03-19T23:21:13","guid":{"rendered":"https:\/\/iesarmstrong-cat.infd.edu.ar\/sitio\/?page_id=2123"},"modified":"2020-05-12T00:58:31","modified_gmt":"2020-05-12T03:58:31","slug":"profesorado-en-geografia","status":"publish","type":"page","link":"https:\/\/iesarmstrong-cat.infd.edu.ar\/sitio\/profesorado-en-geografia\/","title":{"rendered":"Profesorado en Geograf\u00eda"},"content":{"rendered":"<h2 style=\"text-align: center;\"><span style=\"color: #0000ff;\"><u>Profesorado de Educaci\u00f3n Secundaria en Geograf\u00eda<\/u><\/span><\/h2>\n<h3><span style=\"color: #993300;\"><strong>Materias del Curso: 1\u00b0 A\u00f1o.<\/strong><\/span><\/h3>\n<p>Pedagog\u00eda<\/p>\n<p>Psicolog\u00eda Educacional<\/p>\n<p><a href=\"https:\/\/classroom.google.com\/\">Did\u00e1ctica General\u00a0<\/a>\u00a0\u2192\u00a0<a href=\"https:\/\/mail.google.com\/mail\/u\/5?ui=2&amp;ik=3e0e36c516&amp;attid=0.2&amp;permmsgid=msg-f:1661833361870817122&amp;th=171004a34a340762&amp;view=att&amp;disp=safe\">C\u00f3digo de Clase<\/a><\/p>\n<p>Lectura y Escritura Acad\u00e9mica<\/p>\n<p>Introducci\u00f3n a la Geograf\u00eda<\/p>\n<p>Cartograf\u00eda<\/p>\n<p><a href=\"https:\/\/iesarmstrong-cat.infd.edu.ar\/sitio\/wp-content\/uploads\/2020\/03\/Deriva-Continental-y-Placas-tect\u00f3nicas.pdf\">Geograf\u00eda F\u00edsica I<\/a>\u00a0<a href=\"https:\/\/iesarmstrong-cat.infd.edu.ar\/sitio\/wp-content\/uploads\/2020\/04\/Documento.pdf\">Archivo.<\/a><\/p>\n<p>Geograf\u00eda Urbana y Geograf\u00eda Rural<\/p>\n<p>Geograf\u00eda de la Sociedad y Poblaci\u00f3n<\/p>\n<p><a href=\"https:\/\/iesarmstrong-cat.infd.edu.ar\/sitio\/wp-content\/uploads\/2020\/03\/TP0-ENCJA.pdf\">Practica I: Instituciones Educativas y Contextos Comunitarios<\/a><\/p>\n<h3><span style=\"color: #993300;\"><strong>Materias del Curso: 2\u00b0 A\u00f1o.<\/strong><\/span><\/h3>\n<p>Sociolog\u00eda de la Educaci\u00f3n<\/p>\n<p>Historia y Pol\u00edtica de la Educaci\u00f3n Argentina y Latinoamericana<\/p>\n<p><a href=\"https:\/\/classroom.google.com\">Sujeto de la Educaci\u00f3n Secundaria<\/a>\u00a0\u2192 <a href=\"https:\/\/mail.google.com\/mail\/u\/5?ui=2&amp;ik=3e0e36c516&amp;attid=0.3&amp;permmsgid=msg-f:1661833361870817122&amp;th=171004a34a340762&amp;view=att&amp;disp=safe\">C\u00f3digo de Clase<\/a><\/p>\n<p>Geograf\u00eda F\u00edsica II<\/p>\n<p>Geograf\u00eda Econ\u00f3mica<\/p>\n<p>Teledetecci\u00f3n y SIG<\/p>\n<p>Geograf\u00eda de Latinoam\u00e9rica<\/p>\n<p><a href=\"https:\/\/drive.google.com\/file\/d\/10ShuR8p1vI-PeYj750v3Vppx-4vAAtO_\/view?usp=sharing\">Did\u00e1ctica de las Ciencias Sociales<\/a>\u00a0<a href=\"https:\/\/iesarmstrong-cat.infd.edu.ar\/sitio\/wp-content\/uploads\/2020\/05\/Steiman-Qu\u00e9-debatimos-hoy-en-la-Did\u00e1ctica-cap.4-1.pdf\">Archivo<\/a><\/p>\n<p>Geograf\u00eda de Catamarca<\/p>\n<p>Propuesta de Definici\u00f3n Institucional<\/p>\n<p><a href=\"https:\/\/iesarmstrong-cat.infd.edu.ar\/sitio\/wp-content\/uploads\/2020\/03\/practicas-n6.pdf\">Practica II: Curr\u00edculo y Programaci\u00f3n de la Ense\u00f1anza<\/a><\/p>\n<h3><span style=\"color: #993300;\"><strong>Materias del Curso: 3\u00b0 A\u00f1o.<\/strong><\/span><\/h3>\n<p>Filosof\u00eda de la Educaci\u00f3n<\/p>\n<p>Educaci\u00f3n Sexual Integral<\/p>\n<p>TIC Aplicada a la Educaci\u00f3n<\/p>\n<p><a href=\"https:\/\/iesarmstrong-cat.infd.edu.ar\/sitio\/wp-content\/uploads\/2020\/03\/Documento-de-Cecilia.pdf\">Did\u00e1ctica de la Geograf\u00eda<\/a>\u00a0<a href=\"https:\/\/iesarmstrong-cat.infd.edu.ar\/sitio\/wp-content\/uploads\/2020\/03\/BAUTISTA-Guillermo-BORGES-Federico-FORES-AnnaCAP1-Ensenanza-aprendizaje.pdf\">Archivo Extra<\/a><\/p>\n<p>Historia y Epistemolog\u00eda de la Geograf\u00eda<\/p>\n<p>Problem\u00e1ticas Ambientales<\/p>\n<p>Geograf\u00eda Mundial I<\/p>\n<p>Geograf\u00eda de Argentina<\/p>\n<p>Propuesta de definici\u00f3n Institucional<\/p>\n<p>Practica III: Practica de la Ense\u00f1anza<\/p>\n<h3><span style=\"color: #993300;\"><strong>Materias del Curso: 4\u00b0 A\u00f1o.<\/strong><\/span><\/h3>\n<p>\u00c9tica y Construcci\u00f3n de Ciudadan\u00eda<\/p>\n<p>Problem\u00e1tica Actuales de la Educaci\u00f3n Secundaria<\/p>\n<p><a href=\"https:\/\/drive.google.com\/file\/d\/1MzROudxBebLhLUAnLUVdtb61kFWRAn85\/view\">Metodolog\u00eda de la Investigaci\u00f3n Geogr\u00e1fica.<\/a> <a href=\"https:\/\/drive.google.com\/file\/d\/1vIfylfXMGWJEhuo-mDMGUKE6d2xVbM98\/view\">Archivo 2.<\/a> <a href=\"https:\/\/drive.google.com\/file\/d\/1booxvP0ReiIBPaioqYXnIRj3HGLxgVzu\/view\">Archivo 3.<\/a><\/p>\n<p>Geograf\u00eda Mundial II<\/p>\n<p>Geograf\u00eda Cultural<\/p>\n<p>Geograf\u00eda Pol\u00edtica<\/p>\n<p>Pol\u00edtica y Gesti\u00f3n Territorial de Argentina<\/p>\n<p>Propuesta de Definici\u00f3n Institucional<\/p>\n<p>Practica y Residencia<\/p>\n","protected":false},"excerpt":{"rendered":"<p>Profesorado de Educaci\u00f3n Secundaria en Geograf\u00eda Materias del Curso: 1\u00b0 A\u00f1o. Pedagog\u00eda Psicolog\u00eda Educacional Did\u00e1ctica General\u00a0\u00a0\u2192\u00a0C\u00f3digo de Clase Lectura y Escritura Acad\u00e9mica Introducci\u00f3n a la Geograf\u00eda Cartograf\u00eda Geograf\u00eda F\u00edsica I\u00a0Archivo. Geograf\u00eda Urbana y Geograf\u00eda Rural Geograf\u00eda de la Sociedad y Poblaci\u00f3n Practica I: Instituciones Educativas y Contextos Comunitarios Materias del Curso: 2\u00b0 A\u00f1o. Sociolog\u00eda de &#8230; <a title=\"Profesorado en Geograf\u00eda\" class=\"read-more\" href=\"https:\/\/iesarmstrong-cat.infd.edu.ar\/sitio\/profesorado-en-geografia\/\" aria-label=\"More on Profesorado en Geograf\u00eda\">[+]<\/a><\/p>\n","protected":false},"author":452,"featured_media":0,"parent":0,"menu_order":0,"comment_status":"closed","ping_status":"closed","template":"","meta":[],"acf":[],"_links":{"self":[{"href":"https:\/\/iesarmstrong-cat.infd.edu.ar\/sitio\/wp-json\/wp\/v2\/pages\/2123"}],"collection":[{"href":"https:\/\/iesarmstrong-cat.infd.edu.ar\/sitio\/wp-json\/wp\/v2\/pages"}],"about":[{"href":"https:\/\/iesarmstrong-cat.infd.edu.ar\/sitio\/wp-json\/wp\/v2\/types\/page"}],"author":[{"embeddable":true,"href":"https:\/\/iesarmstrong-cat.infd.edu.ar\/sitio\/wp-json\/wp\/v2\/users\/452"}],"replies":[{"embeddable":true,"href":"https:\/\/iesarmstrong-cat.infd.edu.ar\/sitio\/wp-json\/wp\/v2\/comments?post=2123"}],"version-history":[{"count":15,"href":"https:\/\/iesarmstrong-cat.infd.edu.ar\/sitio\/wp-json\/wp\/v2\/pages\/2123\/revisions"}],"predecessor-version":[{"id":2345,"href":"https:\/\/iesarmstrong-cat.infd.edu.ar\/sitio\/wp-json\/wp\/v2\/pages\/2123\/revisions\/2345"}],"wp:attachment":[{"href":"https:\/\/iesarmstrong-cat.infd.edu.ar\/sitio\/wp-json\/wp\/v2\/media?parent=2123"}],"curies":[{"name":"wp","href":"https:\/\/api.w.org\/{rel}","templated":true}]}}