{"id":2136,"date":"2020-03-19T20:47:13","date_gmt":"2020-03-19T23:47:13","guid":{"rendered":"https:\/\/iesarmstrong-cat.infd.edu.ar\/sitio\/?page_id=2136"},"modified":"2020-03-28T16:14:15","modified_gmt":"2020-03-28T19:14:15","slug":"profesorado-en-educacion-tecnologica","status":"publish","type":"page","link":"https:\/\/iesarmstrong-cat.infd.edu.ar\/sitio\/profesorado-en-educacion-tecnologica\/","title":{"rendered":"Profesorado en Educaci\u00f3n Tecnol\u00f3gica"},"content":{"rendered":"<h2 style=\"text-align: center;\"><span style=\"color: #0000ff;\"><strong><u>Profesorado en Educaci\u00f3n Tecnol\u00f3gica<\/u><\/strong><\/span><\/h2>\n<h3><span style=\"color: #800000;\"><strong>Materias del Curso: 1\u00b0 A\u00f1o.<\/strong><\/span><\/h3>\n<p>Pedagog\u00eda<\/p>\n<p><a href=\"https:\/\/iesarmstrong-cat.infd.edu.ar\/sitio\/wp-content\/uploads\/2020\/03\/MATERIAL-LYEA-TECNOLOG\u00cdA.pdf\">Lectura y Escritura Acad\u00e9mica<\/a><\/p>\n<p>Psicolog\u00eda de la Educaci\u00f3n<\/p>\n<p>Historia y Pol\u00edtica de la Educaci\u00f3n Argentina y Latinoamericana<\/p>\n<p><a href=\"https:\/\/classroom.google.com\/u\/0\/h\">Sujeto de la Educaci\u00f3n Inicial y Primaria<\/a>\u00a0 \u2192 Codigo de la Clase en Classroom: <span style=\"color: #800000;\">mcxl5os<\/span><\/p>\n<p>Matem\u00e1ticas<\/p>\n<p><a href=\"https:\/\/iesarmstrong-cat.infd.edu.ar\/sitio\/wp-content\/uploads\/2020\/03\/FISICA-I-IESCJA-U-1-INTRODUCCION-A-LA-FISICA-2020.pdf\">F\u00edsica I<\/a>\u00a0\u2192 <a href=\"https:\/\/iesarmstrong-cat.infd.edu.ar\/sitio\/wp-content\/uploads\/2020\/03\/FISICA-I-IESCJA-U-1-TEORIA-DE-ERRORES-2020.pdf\">Teoria de Err.<\/a>\u00a0\u2192 <a href=\"https:\/\/iesarmstrong-cat.infd.edu.ar\/sitio\/wp-content\/uploads\/2020\/03\/TP-N\u00b01-DE-FISICA-I-parte-1-magnitudes-2020.pdf\">T.P N\u00b01<\/a>\u00a0\u2192 <a href=\"https:\/\/iesarmstrong-cat.infd.edu.ar\/sitio\/wp-content\/uploads\/2020\/03\/TP-N\u00b01-DE-FISICA-I-T.-DE-ERROR.pdf\">T.P N\u00b01 Err.<\/a> \u2192 <a href=\"https:\/\/iesarmstrong-cat.infd.edu.ar\/sitio\/wp-content\/uploads\/2020\/03\/TP-N\u00b01-DE-FISICA-I-T.-DE-ERROR-practico-lab.pdf\">T.P N\u00b01 Err.<\/a><\/p>\n<p><a href=\"https:\/\/iesarmstrong-cat.infd.edu.ar\/sitio\/wp-content\/uploads\/2020\/03\/Material-de-lectura-y-de-trabajo-para-la-asignatura-Qu\u00edmica-Aplicada.docx\">Qu\u00edmica Aplicada<\/a><\/p>\n<p>Educaci\u00f3n Tecnol\u00f3gica<\/p>\n<p>Historia de la Tecnolog\u00eda<\/p>\n<p>Pr\u00e1ctica I: Escuela y Comunidad<\/p>\n<h3><span style=\"color: #800000;\"><strong>Materias del Curso: 2\u00b0 A\u00f1o.<\/strong><\/span><\/h3>\n<p>Did\u00e1ctica General<\/p>\n<p>Sociolog\u00eda de la Educaci\u00f3n<\/p>\n<p>TIC Aplicadas a la Educaci\u00f3n<\/p>\n<p><a href=\"https:\/\/classroom.google.com\">Sujeto de Educaci\u00f3n Secundaria<\/a>\u00a0\u2192 <a href=\"https:\/\/mail.google.com\/mail\/u\/5?ui=2&amp;ik=3e0e36c516&amp;attid=0.4&amp;permmsgid=msg-f:1661833361870817122&amp;th=171004a34a340762&amp;view=att&amp;disp=safe\">C\u00f3digo de Clase<\/a><\/p>\n<p>Did\u00e1ctica de la Ense\u00f1anza de la Tecnolog\u00eda I: Nivel Inicial y Primaria<\/p>\n<p>F\u00edsica II<\/p>\n<p>Sistemas Tecnol\u00f3gicos I: Proceso Tecnol\u00f3gico y Energ\u00eda<\/p>\n<p>Sistemas de Representaci\u00f3n<\/p>\n<p>Tecnolog\u00eda de los Materiales<\/p>\n<p>Pr\u00e1ctica II: Curriculum y Programaci\u00f3n de la Ense\u00f1anza<\/p>\n<h3><span style=\"color: #800000;\"><strong>Materias del Curso: 3\u00b0 A\u00f1o.<\/strong><\/span><\/h3>\n<p>Filosof\u00eda de la Educaci\u00f3n<\/p>\n<p>Educaci\u00f3n Sexual Integral<\/p>\n<p>Did\u00e1ctica de la Ense\u00f1anza de la Tecnolog\u00eda II: Nivel Secundaria<\/p>\n<p>Sistemas Tecnol\u00f3gicos II: Mec\u00e1nica, Elementos de Maquinas<\/p>\n<p>Electricidad y Electr\u00f3nica<\/p>\n<p>Anal\u00f3gica y Digital Tecnolog\u00eda de Gesti\u00f3n<\/p>\n<p><a href=\"https:\/\/iesarmstrong-cat.infd.edu.ar\/sitio\/wp-content\/uploads\/2020\/03\/Material-de-Lectura-y-An\u00e1lisis-Proyecto.pdf\">Investigaci\u00f3n e Innovaci\u00f3n Tecnol\u00f3gica: Proyecto<\/a> <a href=\"https:\/\/iesarmstrong-cat.infd.edu.ar\/sitio\/wp-content\/uploads\/2020\/03\/Trabajo-Pr\u00e1ctico-N\u00ba-1-Proyecto.pdf\">\u00abTrabajo Practico\u00bb<\/a><\/p>\n<p>Pol\u00edticas Econ\u00f3micas y Desarrollo Tecnol\u00f3gicos<\/p>\n<p>Pr\u00e1ctica y Residencia en Nivel Inicial y Primario<\/p>\n<h3><span style=\"color: #800000;\"><strong>Materias del Curso: 4\u00b0 A\u00f1o.<\/strong><\/span><\/h3>\n<p>Propuestas de Definici\u00f3n Institucional I<\/p>\n<p>\u00c9tica y Construcci\u00f3n de Ciudadan\u00eda<\/p>\n<p>Problemas Educativos Contempor\u00e1neos<\/p>\n<p>Sistemas Tecnol\u00f3gicos III: Control, Mec\u00e1nica e Hidr\u00e1ulica<\/p>\n<p>Tecnolog\u00edas y Sistemas integrados a la Gesti\u00f3n<\/p>\n<p>Biotecnolog\u00eda Aplicada<\/p>\n<p>Ingles T\u00e9cnico<\/p>\n<p>Tecnolog\u00eda Educativa<\/p>\n<p>Propuestas de Definici\u00f3n Institucional II<\/p>\n<p>Practica y Residencia en Nivel Secundario y Modalidades<\/p>\n","protected":false},"excerpt":{"rendered":"<p>Profesorado en Educaci\u00f3n Tecnol\u00f3gica Materias del Curso: 1\u00b0 A\u00f1o. Pedagog\u00eda Lectura y Escritura Acad\u00e9mica Psicolog\u00eda de la Educaci\u00f3n Historia y Pol\u00edtica de la Educaci\u00f3n Argentina y Latinoamericana Sujeto de la Educaci\u00f3n Inicial y Primaria\u00a0 \u2192 Codigo de la Clase en Classroom: mcxl5os Matem\u00e1ticas F\u00edsica I\u00a0\u2192 Teoria de Err.\u00a0\u2192 T.P N\u00b01\u00a0\u2192 T.P N\u00b01 Err. \u2192 T.P &#8230; <a title=\"Profesorado en Educaci\u00f3n Tecnol\u00f3gica\" class=\"read-more\" href=\"https:\/\/iesarmstrong-cat.infd.edu.ar\/sitio\/profesorado-en-educacion-tecnologica\/\" aria-label=\"More on Profesorado en Educaci\u00f3n Tecnol\u00f3gica\">[+]<\/a><\/p>\n","protected":false},"author":452,"featured_media":0,"parent":0,"menu_order":0,"comment_status":"closed","ping_status":"closed","template":"","meta":[],"acf":[],"_links":{"self":[{"href":"https:\/\/iesarmstrong-cat.infd.edu.ar\/sitio\/wp-json\/wp\/v2\/pages\/2136"}],"collection":[{"href":"https:\/\/iesarmstrong-cat.infd.edu.ar\/sitio\/wp-json\/wp\/v2\/pages"}],"about":[{"href":"https:\/\/iesarmstrong-cat.infd.edu.ar\/sitio\/wp-json\/wp\/v2\/types\/page"}],"author":[{"embeddable":true,"href":"https:\/\/iesarmstrong-cat.infd.edu.ar\/sitio\/wp-json\/wp\/v2\/users\/452"}],"replies":[{"embeddable":true,"href":"https:\/\/iesarmstrong-cat.infd.edu.ar\/sitio\/wp-json\/wp\/v2\/comments?post=2136"}],"version-history":[{"count":10,"href":"https:\/\/iesarmstrong-cat.infd.edu.ar\/sitio\/wp-json\/wp\/v2\/pages\/2136\/revisions"}],"predecessor-version":[{"id":2275,"href":"https:\/\/iesarmstrong-cat.infd.edu.ar\/sitio\/wp-json\/wp\/v2\/pages\/2136\/revisions\/2275"}],"wp:attachment":[{"href":"https:\/\/iesarmstrong-cat.infd.edu.ar\/sitio\/wp-json\/wp\/v2\/media?parent=2136"}],"curies":[{"name":"wp","href":"https:\/\/api.w.org\/{rel}","templated":true}]}}