{"id":2172,"date":"2020-03-20T12:42:04","date_gmt":"2020-03-20T15:42:04","guid":{"rendered":"https:\/\/iesarmstrong-cat.infd.edu.ar\/sitio\/?page_id=2172"},"modified":"2020-04-08T11:43:50","modified_gmt":"2020-04-08T14:43:50","slug":"profesorado-de-educacion-secundaria-en-lengua-y-literatura","status":"publish","type":"page","link":"https:\/\/iesarmstrong-cat.infd.edu.ar\/sitio\/profesorado-de-educacion-secundaria-en-lengua-y-literatura\/","title":{"rendered":"Profesorado de Educaci\u00f3n Secundaria en Lengua y Literatura"},"content":{"rendered":"<h2 style=\"text-align: center;\"><span style=\"color: #0000ff;\"><strong><u>Profesorado de Educaci\u00f3n Secundaria en Lengua y Literatura<\/u><\/strong><\/span><\/h2>\n<h3><span style=\"color: #800000;\"><strong>Materias del Curso: 1\u00b0 A\u00f1o.<\/strong><\/span><\/h3>\n<p>Pedagog\u00eda<\/p>\n<p>Psicolog\u00eda Educacional<\/p>\n<p>Did\u00e1ctica General<\/p>\n<p>Introducci\u00f3n a la Literatura<\/p>\n<p><a href=\"https:\/\/iesarmstrong-cat.infd.edu.ar\/sitio\/wp-content\/uploads\/2020\/03\/Pensar-la-dictadura.pdf\">Literatura Regional<\/a>\u00a0\u2192 <a href=\"https:\/\/iesarmstrong-cat.infd.edu.ar\/sitio\/wp-content\/uploads\/2020\/03\/Notes_200323_235106_608.pdf\">Consigna<\/a><\/p>\n<p><a href=\"https:\/\/iesarmstrong-cat.infd.edu.ar\/sitio\/wp-content\/uploads\/2020\/03\/DOSSIER-GRAM\u00c1TICA-2020.pdf\">Gram\u00e1tica<\/a><\/p>\n<p>Ling\u00fc\u00edstica<\/p>\n<p><a href=\"https:\/\/mail.google.com\/mail\/u\/5?ui=2&amp;ik=3e0e36c516&amp;attid=0.1&amp;permmsgid=msg-f:1662189147496487823&amp;th=1711483916099b8f&amp;view=att&amp;disp=safe\">Instituciones Educativas y Contextos Comunitarios<\/a>\u00a0\u2192 <a href=\"https:\/\/mail.google.com\/mail\/u\/5?ui=2&amp;ik=3e0e36c516&amp;attid=0.0.1&amp;permmsgid=msg-f:1662189147496487823&amp;th=1711483916099b8f&amp;view=fimg&amp;sz=s0-l75-ft&amp;attbid=ANGjdJ-5NE51M8OLB4Ihi-yE4jOcy137W_mUuzFmURuN6O8NeQhiEYerA5sA5WZ2yRnozvac1SfOf0A4KyvefiXI0M4AhQ0dkE3RvqnqHf3rptRuqL_wMbIyZLJ5NuA&amp;disp=emb\">Actividad<\/a><\/p>\n<p>UDI<\/p>\n<h3><span style=\"color: #800000;\"><strong>Materias del Curso: 2\u00b0 A\u00f1o.<\/strong><\/span><\/h3>\n<p>Sociolog\u00eda de la Educaci\u00f3n<\/p>\n<p>TIC Aplicada a la Educaci\u00f3n<\/p>\n<p><a href=\"https:\/\/iesarmstrong-cat.infd.edu.ar\/sitio\/wp-content\/uploads\/2020\/03\/El-concepto-de-Educaci\u00f3n-2020.docx\">Sujeto de la Educaci\u00f3n Secundaria<\/a>\u00a0\u2192 <a href=\"https:\/\/iesarmstrong-cat.infd.edu.ar\/sitio\/wp-content\/uploads\/2020\/03\/Sujetos_de_la_Educacion.pdf\">Arch. 1<\/a>\u00a0\u2192 <a href=\"https:\/\/iesarmstrong-cat.infd.edu.ar\/sitio\/wp-content\/uploads\/2020\/03\/1\u00b0-actividad-Sujeto-de-la-Educaci\u00f3n-Secundaria.docx\">Actividad<\/a><\/p>\n<p><a href=\"https:\/\/iesarmstrong-cat.infd.edu.ar\/sitio\/wp-content\/uploads\/2020\/03\/Literatura-Argentina-2020.docx\">Literatura Argentina<\/a><\/p>\n<p><a href=\"https:\/\/iesarmstrong-cat.infd.edu.ar\/sitio\/wp-content\/uploads\/2020\/04\/ACTIVIDADES-DE-LING-TEXTUAL-2DO-A\u00d1O-IES.-1.docx\">Ling\u00fc\u00edstica Textual<\/a><\/p>\n<p>Literatura Latinoamericana<\/p>\n<p><a href=\"https:\/\/iesarmstrong-cat.infd.edu.ar\/sitio\/wp-content\/uploads\/2020\/03\/Actividades-C\u00e1tedra-Gram\u00e1tica-Apliaca.docx\">Gram\u00e1tica Aplicada<\/a><\/p>\n<p>Pragm\u00e1tica<\/p>\n<p><a href=\"https:\/\/iesarmstrong-cat.infd.edu.ar\/sitio\/wp-content\/uploads\/2020\/03\/ACTIVIDADES-DE-COMP-Y-PROD.-2DO-A\u00d1O-IES.docx\">Comprensi\u00f3n y producci\u00f3n de textos<\/a><\/p>\n<p>Curr\u00edculum y Programaci\u00f3n de la Ense\u00f1anza<\/p>\n<p><a href=\"https:\/\/iesarmstrong-cat.infd.edu.ar\/sitio\/wp-content\/uploads\/2020\/03\/ACTIVIDADES-DE-UDI-2DO-A\u00d1O-IES-1.docx\">UDI<\/a><\/p>\n<h3><span style=\"color: #800000;\"><strong>Materias del Curso: 3\u00b0 A\u00f1o.<\/strong><\/span><\/h3>\n<p>\u00c9tica y Construcci\u00f3n de Ciudadan\u00eda<\/p>\n<p>Historia y Pol\u00edtica de la Educaci\u00f3n Argentina y Latinoamericana<\/p>\n<p>Educaci\u00f3n Sexual Integral<\/p>\n<p>Historia de la Lengua<\/p>\n<p><a href=\"https:\/\/iesarmstrong-cat.infd.edu.ar\/sitio\/wp-content\/uploads\/2020\/03\/Cartilla-de-Literatura-Grecolatina-4\u00b0a\u00f1o-Prof.Comelli.docx\">Did\u00e1ctica de la Lengua<\/a>\u00a0\u2192 <a href=\"https:\/\/iesarmstrong-cat.infd.edu.ar\/sitio\/wp-content\/uploads\/2020\/04\/CARTILLA-N\u00b0-2-DE-ACTIVIDADES-DE-DID\u00c1CTICA-DE-LA-LENGUA-PROF.COMELLI.docx\">Actividad2<\/a><\/p>\n<p>Did\u00e1ctica de la Literatura<\/p>\n<p>Literatura Espa\u00f1ola<\/p>\n<p><a href=\"https:\/\/iesarmstrong-cat.infd.edu.ar\/sitio\/wp-content\/uploads\/2020\/03\/ACTIVIDADES-PARA-3er-A\u00d1O-SOCIOLING-IES.doc..docx\">Socio-ling\u00fc\u00edstica<\/a><\/p>\n<p>Psicoling\u00fc\u00edstica<\/p>\n<p>Pr\u00e1cticas de Ense\u00f1anza<\/p>\n<p>UDI<\/p>\n<h3><span style=\"color: #800000;\"><strong>Materias del Curso: 4\u00b0 A\u00f1o.<\/strong><\/span><\/h3>\n<p><a href=\"ttps:\/\/clahssroom.google.com\">Filosof\u00eda de la Educaci\u00f3n<\/a>\u00a0\u2192 Codigo de Clase\u00a0\u2192\u00a0<span style=\"color: #ff0000;\">6hugglj<\/span><\/p>\n<p>Problemas Educativos Contempor\u00e1neos del Nivel Secundario<\/p>\n<p><a href=\"https:\/\/iesarmstrong-cat.infd.edu.ar\/sitio\/wp-content\/uploads\/2020\/03\/Cartilla-de-Literatura-Grecolatina-4\u00b0a\u00f1o-Prof.Comelli.docx\">Literatura Grecolatina<\/a><\/p>\n<p><a href=\"https:\/\/iesarmstrong-cat.infd.edu.ar\/sitio\/wp-content\/uploads\/2020\/03\/AN\u00c1LISIS-LING\u00dc\u00cdSTICO.docx\">An\u00e1lisis Ling\u00fc\u00edstico\u00a0 <\/a>\u00a0 <a href=\"https:\/\/iesarmstrong-cat.infd.edu.ar\/sitio\/wp-content\/uploads\/2020\/03\/ANALISIS-LINGUISTICO-2020.docx\">Archivo <\/a><\/p>\n<p>An\u00e1lisis Literario<\/p>\n<p><a href=\"https:\/\/iesarmstrong-cat.infd.edu.ar\/sitio\/wp-content\/uploads\/2020\/04\/ACTIVIDADES-PARA-4TO-A\u00d1O-1.docx\">Estudios Literarios<\/a><\/p>\n<p>Literatura Europea y Norteamericana<\/p>\n<p>Pr\u00e1ctica docente y Residencia<\/p>\n<p>UDI<\/p>\n","protected":false},"excerpt":{"rendered":"<p>Profesorado de Educaci\u00f3n Secundaria en Lengua y Literatura Materias del Curso: 1\u00b0 A\u00f1o. Pedagog\u00eda Psicolog\u00eda Educacional Did\u00e1ctica General Introducci\u00f3n a la Literatura Literatura Regional\u00a0\u2192 Consigna Gram\u00e1tica Ling\u00fc\u00edstica Instituciones Educativas y Contextos Comunitarios\u00a0\u2192 Actividad UDI Materias del Curso: 2\u00b0 A\u00f1o. Sociolog\u00eda de la Educaci\u00f3n TIC Aplicada a la Educaci\u00f3n Sujeto de la Educaci\u00f3n Secundaria\u00a0\u2192 Arch. 1\u00a0\u2192 &#8230; <a title=\"Profesorado de Educaci\u00f3n Secundaria en Lengua y Literatura\" class=\"read-more\" href=\"https:\/\/iesarmstrong-cat.infd.edu.ar\/sitio\/profesorado-de-educacion-secundaria-en-lengua-y-literatura\/\" aria-label=\"More on Profesorado de Educaci\u00f3n Secundaria en Lengua y Literatura\">[+]<\/a><\/p>\n","protected":false},"author":452,"featured_media":0,"parent":0,"menu_order":0,"comment_status":"closed","ping_status":"closed","template":"","meta":[],"acf":[],"_links":{"self":[{"href":"https:\/\/iesarmstrong-cat.infd.edu.ar\/sitio\/wp-json\/wp\/v2\/pages\/2172"}],"collection":[{"href":"https:\/\/iesarmstrong-cat.infd.edu.ar\/sitio\/wp-json\/wp\/v2\/pages"}],"about":[{"href":"https:\/\/iesarmstrong-cat.infd.edu.ar\/sitio\/wp-json\/wp\/v2\/types\/page"}],"author":[{"embeddable":true,"href":"https:\/\/iesarmstrong-cat.infd.edu.ar\/sitio\/wp-json\/wp\/v2\/users\/452"}],"replies":[{"embeddable":true,"href":"https:\/\/iesarmstrong-cat.infd.edu.ar\/sitio\/wp-json\/wp\/v2\/comments?post=2172"}],"version-history":[{"count":19,"href":"https:\/\/iesarmstrong-cat.infd.edu.ar\/sitio\/wp-json\/wp\/v2\/pages\/2172\/revisions"}],"predecessor-version":[{"id":2330,"href":"https:\/\/iesarmstrong-cat.infd.edu.ar\/sitio\/wp-json\/wp\/v2\/pages\/2172\/revisions\/2330"}],"wp:attachment":[{"href":"https:\/\/iesarmstrong-cat.infd.edu.ar\/sitio\/wp-json\/wp\/v2\/media?parent=2172"}],"curies":[{"name":"wp","href":"https:\/\/api.w.org\/{rel}","templated":true}]}}