{"id":2183,"date":"2020-03-20T14:57:38","date_gmt":"2020-03-20T17:57:38","guid":{"rendered":"https:\/\/iesarmstrong-cat.infd.edu.ar\/sitio\/?page_id=2183"},"modified":"2020-03-20T15:02:36","modified_gmt":"2020-03-20T18:02:36","slug":"profesorado-en-ingles","status":"publish","type":"page","link":"https:\/\/iesarmstrong-cat.infd.edu.ar\/sitio\/profesorado-en-ingles\/","title":{"rendered":"Profesorado en Ingles"},"content":{"rendered":"<h2 style=\"text-align: center;\"><span style=\"color: #0000ff;\"><strong><u>Profesorado de Ingles<\/u><\/strong><\/span><\/h2>\n<h3><span style=\"color: #800000;\"><strong>Materias del Curso: 1\u00b0 A\u00f1o.<\/strong><\/span><\/h3>\n<p><a href=\"https:\/\/iesarmstrong-cat.infd.edu.ar\/sitio\/wp-content\/uploads\/2020\/03\/FICHAS-DE-AUTOAPRENDIZAJE-1-Y-2.docx\">Pedagog\u00eda<\/a><\/p>\n<p>Lectura y Escritura Acad\u00e9mica<\/p>\n<p>Psicolog\u00eda Educativa<\/p>\n<p>Historia y Pol\u00edtica Argentina y Latinoamericana<\/p>\n<p>Sujeto de la Educaci\u00f3n: Nivel Inicial y Primario<\/p>\n<p>Pr\u00e1ctica I :Escuela y Comunidad<\/p>\n<p>. Lengua Inglesa I<\/p>\n<p>Fon\u00e9tica I<\/p>\n<p>Gram\u00e1tica Inglesa I<\/p>\n<p>Lengua y Gram\u00e1tica Espa\u00f1ola I<\/p>\n<p>Lengua y Gram\u00e1tica Espa\u00f1ola<\/p>\n","protected":false},"excerpt":{"rendered":"<p>Profesorado de Ingles Materias del Curso: 1\u00b0 A\u00f1o. Pedagog\u00eda Lectura y Escritura Acad\u00e9mica Psicolog\u00eda Educativa Historia y Pol\u00edtica Argentina y Latinoamericana Sujeto de la Educaci\u00f3n: Nivel Inicial y Primario Pr\u00e1ctica I :Escuela y Comunidad . Lengua Inglesa I Fon\u00e9tica I Gram\u00e1tica Inglesa I Lengua y Gram\u00e1tica Espa\u00f1ola I Lengua y Gram\u00e1tica Espa\u00f1ola<\/p>\n","protected":false},"author":452,"featured_media":0,"parent":0,"menu_order":0,"comment_status":"closed","ping_status":"closed","template":"","meta":[],"acf":[],"_links":{"self":[{"href":"https:\/\/iesarmstrong-cat.infd.edu.ar\/sitio\/wp-json\/wp\/v2\/pages\/2183"}],"collection":[{"href":"https:\/\/iesarmstrong-cat.infd.edu.ar\/sitio\/wp-json\/wp\/v2\/pages"}],"about":[{"href":"https:\/\/iesarmstrong-cat.infd.edu.ar\/sitio\/wp-json\/wp\/v2\/types\/page"}],"author":[{"embeddable":true,"href":"https:\/\/iesarmstrong-cat.infd.edu.ar\/sitio\/wp-json\/wp\/v2\/users\/452"}],"replies":[{"embeddable":true,"href":"https:\/\/iesarmstrong-cat.infd.edu.ar\/sitio\/wp-json\/wp\/v2\/comments?post=2183"}],"version-history":[{"count":3,"href":"https:\/\/iesarmstrong-cat.infd.edu.ar\/sitio\/wp-json\/wp\/v2\/pages\/2183\/revisions"}],"predecessor-version":[{"id":2189,"href":"https:\/\/iesarmstrong-cat.infd.edu.ar\/sitio\/wp-json\/wp\/v2\/pages\/2183\/revisions\/2189"}],"wp:attachment":[{"href":"https:\/\/iesarmstrong-cat.infd.edu.ar\/sitio\/wp-json\/wp\/v2\/media?parent=2183"}],"curies":[{"name":"wp","href":"https:\/\/api.w.org\/{rel}","templated":true}]}}