{"id":2190,"date":"2020-03-20T15:10:56","date_gmt":"2020-03-20T18:10:56","guid":{"rendered":"https:\/\/iesarmstrong-cat.infd.edu.ar\/sitio\/?page_id=2190"},"modified":"2020-04-21T21:44:48","modified_gmt":"2020-04-22T00:44:48","slug":"profesorado-en-frances","status":"publish","type":"page","link":"https:\/\/iesarmstrong-cat.infd.edu.ar\/sitio\/profesorado-en-frances\/","title":{"rendered":"Profesorado en Franc\u00e9s"},"content":{"rendered":"<h2 style=\"text-align: center;\"><strong><span style=\"color: #0000ff;\"><u>Profesorado de Franc\u00e9s<\/u><\/span><\/strong><\/h2>\n<h3><span style=\"color: #800000;\"><strong>Materias del Curso: 1\u00b0 A\u00f1o.<\/strong><\/span><\/h3>\n<p>Pedagog\u00eda<\/p>\n<p>Did\u00e1ctica General<\/p>\n<p>Lectura y Escritura Acad\u00e9mica<\/p>\n<p>Pr\u00e1cticas Discursivas del Franc\u00e9s. Lengua Extranjera I<\/p>\n<p><a href=\"https:\/\/iesarmstrong-cat.infd.edu.ar\/sitio\/wp-content\/uploads\/2020\/03\/LES-ARTICLES-D\u00c9FINIS-ET-IND\u00c9FINIS.pdf\">Gram\u00e1tica Francesa I<\/a> <a href=\"https:\/\/iesarmstrong-cat.infd.edu.ar\/sitio\/wp-content\/uploads\/2020\/03\/Exercices-articles-d\u00e9finis-et-ind\u00e9finis-audio.pdf\">Archivo1<\/a> <a href=\"https:\/\/iesarmstrong-cat.infd.edu.ar\/sitio\/wp-content\/uploads\/2020\/03\/LES-D\u00c9TERMINANTS.pdf\">Archivo2<\/a> <a href=\"https:\/\/youtu.be\/H6JeFsRUbnU\">Archivo3<\/a> <a href=\"https:\/\/iesarmstrong-cat.infd.edu.ar\/sitio\/wp-content\/uploads\/2020\/03\/AUD-20200323-WA0049.mp3\">Archivo4<\/a> <a href=\"https:\/\/iesarmstrong-cat.infd.edu.ar\/sitio\/wp-content\/uploads\/2020\/03\/AUD-20200323-WA0050.mp3\">Archivo4\u00a0<\/a><a href=\"https:\/\/iesarmstrong-cat.infd.edu.ar\/sitio\/wp-content\/uploads\/2020\/04\/2\u00b0-ACTIVIT\u00c9S-LES-ARTICLES.pdf\">Actividad 2<\/a>\u00a0 <a href=\"https:\/\/iesarmstrong-cat.infd.edu.ar\/sitio\/wp-content\/uploads\/2020\/04\/LES-ARTICLES-D\u00c9FINIS-ET-IND\u00c9FINIS-2.pdf\">Actividad<\/a>\u00a0<a href=\"https:\/\/iesarmstrong-cat.infd.edu.ar\/sitio\/wp-content\/uploads\/2020\/04\/LE-NOM.docx\">Archivo<\/a> <a href=\"https:\/\/iesarmstrong-cat.infd.edu.ar\/sitio\/wp-content\/uploads\/2020\/04\/ACTIVIT\u00c9S-LE-NOM-1.docx\">Archivo<\/a> <a href=\"https:\/\/iesarmstrong-cat.infd.edu.ar\/sitio\/wp-content\/uploads\/2020\/04\/LES-CAT\u00c9GORIES-DU-NOM.docx\">Archivo<\/a> <a href=\"https:\/\/iesarmstrong-cat.infd.edu.ar\/sitio\/wp-content\/uploads\/2020\/04\/EXERCICES-LES-CAT\u00c9GORIES-DU-NOM.docx\">Archivo<\/a> .<\/p>\n<p><a href=\"https:\/\/iesarmstrong-cat.infd.edu.ar\/sitio\/wp-content\/uploads\/2020\/03\/Alumnos-1er-A\u00f1o-IES-DNI.docx\">Fon\u00e9tica, Fonolog\u00eda y Dicci\u00f3n del Franc\u00e9s Lengua Extranjera I<\/a><\/p>\n<p>Linguistica General (en Espa\u00f1ol)<\/p>\n<p><a href=\"https:\/\/iesarmstrong-cat.infd.edu.ar\/sitio\/wp-content\/uploads\/2020\/03\/CLASE-1.docx\">Pr\u00e1ctica Profesional Instituciones Educativas y Contextos Comunitarios<\/a><\/p>\n","protected":false},"excerpt":{"rendered":"<p>Profesorado de Franc\u00e9s Materias del Curso: 1\u00b0 A\u00f1o. Pedagog\u00eda Did\u00e1ctica General Lectura y Escritura Acad\u00e9mica Pr\u00e1cticas Discursivas del Franc\u00e9s. Lengua Extranjera I Gram\u00e1tica Francesa I Archivo1 Archivo2 Archivo3 Archivo4 Archivo4\u00a0Actividad 2\u00a0 Actividad\u00a0Archivo Archivo Archivo Archivo . Fon\u00e9tica, Fonolog\u00eda y Dicci\u00f3n del Franc\u00e9s Lengua Extranjera I Linguistica General (en Espa\u00f1ol) Pr\u00e1ctica Profesional Instituciones Educativas y Contextos &#8230; <a title=\"Profesorado en Franc\u00e9s\" class=\"read-more\" href=\"https:\/\/iesarmstrong-cat.infd.edu.ar\/sitio\/profesorado-en-frances\/\" aria-label=\"More on Profesorado en Franc\u00e9s\">[+]<\/a><\/p>\n","protected":false},"author":452,"featured_media":0,"parent":0,"menu_order":0,"comment_status":"closed","ping_status":"closed","template":"","meta":[],"acf":[],"_links":{"self":[{"href":"https:\/\/iesarmstrong-cat.infd.edu.ar\/sitio\/wp-json\/wp\/v2\/pages\/2190"}],"collection":[{"href":"https:\/\/iesarmstrong-cat.infd.edu.ar\/sitio\/wp-json\/wp\/v2\/pages"}],"about":[{"href":"https:\/\/iesarmstrong-cat.infd.edu.ar\/sitio\/wp-json\/wp\/v2\/types\/page"}],"author":[{"embeddable":true,"href":"https:\/\/iesarmstrong-cat.infd.edu.ar\/sitio\/wp-json\/wp\/v2\/users\/452"}],"replies":[{"embeddable":true,"href":"https:\/\/iesarmstrong-cat.infd.edu.ar\/sitio\/wp-json\/wp\/v2\/comments?post=2190"}],"version-history":[{"count":9,"href":"https:\/\/iesarmstrong-cat.infd.edu.ar\/sitio\/wp-json\/wp\/v2\/pages\/2190\/revisions"}],"predecessor-version":[{"id":2339,"href":"https:\/\/iesarmstrong-cat.infd.edu.ar\/sitio\/wp-json\/wp\/v2\/pages\/2190\/revisions\/2339"}],"wp:attachment":[{"href":"https:\/\/iesarmstrong-cat.infd.edu.ar\/sitio\/wp-json\/wp\/v2\/media?parent=2190"}],"curies":[{"name":"wp","href":"https:\/\/api.w.org\/{rel}","templated":true}]}}