{"id":2197,"date":"2020-03-20T15:26:54","date_gmt":"2020-03-20T18:26:54","guid":{"rendered":"https:\/\/iesarmstrong-cat.infd.edu.ar\/sitio\/?page_id=2197"},"modified":"2020-04-08T11:57:18","modified_gmt":"2020-04-08T14:57:18","slug":"profesorado-de-educacion-secundaria-en-matematica","status":"publish","type":"page","link":"https:\/\/iesarmstrong-cat.infd.edu.ar\/sitio\/profesorado-de-educacion-secundaria-en-matematica\/","title":{"rendered":"Profesorado de Educaci\u00f3n Secundaria en Matem\u00e1tica"},"content":{"rendered":"<h2 style=\"text-align: center;\"><strong><span style=\"color: #0000ff;\"><u>Profesorado de Educaci\u00f3n Secundaria en Matem\u00e1tica <\/u><\/span><\/strong><\/h2>\n<h3><span style=\"color: #800000;\"><strong>Materias del Curso: 1\u00b0 A\u00f1o.<\/strong><\/span><\/h3>\n<p><a href=\"https:\/\/iesarmstrong-cat.infd.edu.ar\/sitio\/wp-content\/uploads\/2020\/03\/FICHAS-DE-AUTOAPRENDIZAJE-1-Y-2.docx\">Pedagog\u00eda<\/a><\/p>\n<p>Did\u00e1ctica General<\/p>\n<p>\u00c1lgebra Conjuntista<\/p>\n<p>Geometr\u00eda M\u00e9trica y Euclideana<\/p>\n<p>C\u00e1lculo Aritm\u00e9tico y Trigonom\u00e9trico<\/p>\n<p>Aritm\u00e9tica Formal<\/p>\n<p>Instituciones Educativas y Contextos Comunitarios<\/p>\n<p>UDI<\/p>\n<h3><span style=\"color: #800000;\"><strong>Materias del Curso: 2\u00b0 A\u00f1o.<\/strong><\/span><\/h3>\n<p>Sociolog\u00eda de la Educaci\u00f3n<\/p>\n<p><a href=\"https:\/\/drive.google.com\/open?id=1zdqMfizf5QnSgHnHwMeP5CEIMjNEyFUr\">Psicolog\u00eda Educacional<\/a><\/p>\n<p>\u00c1lgebra Lineal<\/p>\n<p><a href=\"https:\/\/iesarmstrong-cat.infd.edu.ar\/sitio\/wp-content\/uploads\/2020\/03\/GEOMETR\u00cdA-ANAL\u00cdTICA-DEL-PLANO-Y-DEL-ESPACIO.pdf\">Geometr\u00eda Anal\u00edtica del Plano y del Espacio<\/a><\/p>\n<p>An\u00e1lisis Matem\u00e1tico de Variable Real<\/p>\n<p>Introducci\u00f3n a la F\u00edsica<\/p>\n<p>Did\u00e1ctica de la Matem\u00e1tica para el Ciclo B\u00e1sico<\/p>\n<p>Did\u00e1ctica de la Geometr\u00eda Materia<\/p>\n<p>Curr\u00edculum y Programaci\u00f3n de la Ense\u00f1anza<\/p>\n<p>UDI<\/p>\n<h3><span style=\"color: #800000;\"><strong>Materias del Curso: 3\u00b0 A\u00f1o.<\/strong><\/span><\/h3>\n<p>\u00c9tica y Construcci\u00f3n de Ciudadan\u00eda<\/p>\n<p>TIC Aplicada a la Educaci\u00f3n<\/p>\n<p>Historia y Pol\u00edtica de la Educaci\u00f3n Argentina<\/p>\n<p>Educaci\u00f3n Sexual Integral<\/p>\n<p>An\u00e1lisis Matem\u00e1tico Multivariado<\/p>\n<p><a href=\"https:\/\/iesarmstrong-cat.infd.edu.ar\/sitio\/wp-content\/uploads\/2020\/03\/INTRODUCCI\u00d3N-A-PROBABILIDAD.pdf\">Probabilidad\u00a0<\/a>\u2192 <a href=\"https:\/\/iesarmstrong-cat.infd.edu.ar\/sitio\/wp-content\/uploads\/2020\/03\/T.P-N\u00b01-PROB.2020.pdf\">Trabajo Practico\u00a0<\/a><\/p>\n<p>Estad\u00edstica<\/p>\n<p>Did\u00e1ctica de Matem\u00e1tica para Ciclo Orientado<\/p>\n<p>Pr\u00e1cticas de Ense\u00f1anza<\/p>\n<p>UDI<\/p>\n<h3><span style=\"color: #800000;\"><strong>Materias del Curso: 4\u00b0 A\u00f1o.<\/strong><\/span><\/h3>\n<p>Filosof\u00eda de la Educaci\u00f3n<\/p>\n<p>Problem\u00e1ticas de la Educaci\u00f3n Secundaria<\/p>\n<p>Fundamentos de la Matem\u00e1tica<\/p>\n<p>An\u00e1lisis de variable compleja<\/p>\n<p>Ecuaciones Diferenciales<\/p>\n<p><a href=\"https:\/\/iesarmstrong-cat.infd.edu.ar\/sitio\/wp-content\/uploads\/2020\/03\/EPISTEMOLOG\u00cdA-E-HISTORIA-DE-LA-MATEM\u00c1TICA.pdf\">Epistemolog\u00eda e Historia de la Matem\u00e1tica<\/a><\/p>\n<p>Matem\u00e1tica Aplicada<\/p>\n<p>Sujeto de la Educaci\u00f3n Secundaria<\/p>\n<p>Pr\u00e1ctica docente y Residencia<\/p>\n<p>UDI<\/p>\n","protected":false},"excerpt":{"rendered":"<p>Profesorado de Educaci\u00f3n Secundaria en Matem\u00e1tica Materias del Curso: 1\u00b0 A\u00f1o. Pedagog\u00eda Did\u00e1ctica General \u00c1lgebra Conjuntista Geometr\u00eda M\u00e9trica y Euclideana C\u00e1lculo Aritm\u00e9tico y Trigonom\u00e9trico Aritm\u00e9tica Formal Instituciones Educativas y Contextos Comunitarios UDI Materias del Curso: 2\u00b0 A\u00f1o. Sociolog\u00eda de la Educaci\u00f3n Psicolog\u00eda Educacional \u00c1lgebra Lineal Geometr\u00eda Anal\u00edtica del Plano y del Espacio An\u00e1lisis Matem\u00e1tico de &#8230; <a title=\"Profesorado de Educaci\u00f3n Secundaria en Matem\u00e1tica\" class=\"read-more\" href=\"https:\/\/iesarmstrong-cat.infd.edu.ar\/sitio\/profesorado-de-educacion-secundaria-en-matematica\/\" aria-label=\"More on Profesorado de Educaci\u00f3n Secundaria en Matem\u00e1tica\">[+]<\/a><\/p>\n","protected":false},"author":452,"featured_media":0,"parent":0,"menu_order":0,"comment_status":"closed","ping_status":"closed","template":"","meta":[],"acf":[],"_links":{"self":[{"href":"https:\/\/iesarmstrong-cat.infd.edu.ar\/sitio\/wp-json\/wp\/v2\/pages\/2197"}],"collection":[{"href":"https:\/\/iesarmstrong-cat.infd.edu.ar\/sitio\/wp-json\/wp\/v2\/pages"}],"about":[{"href":"https:\/\/iesarmstrong-cat.infd.edu.ar\/sitio\/wp-json\/wp\/v2\/types\/page"}],"author":[{"embeddable":true,"href":"https:\/\/iesarmstrong-cat.infd.edu.ar\/sitio\/wp-json\/wp\/v2\/users\/452"}],"replies":[{"embeddable":true,"href":"https:\/\/iesarmstrong-cat.infd.edu.ar\/sitio\/wp-json\/wp\/v2\/comments?post=2197"}],"version-history":[{"count":9,"href":"https:\/\/iesarmstrong-cat.infd.edu.ar\/sitio\/wp-json\/wp\/v2\/pages\/2197\/revisions"}],"predecessor-version":[{"id":2331,"href":"https:\/\/iesarmstrong-cat.infd.edu.ar\/sitio\/wp-json\/wp\/v2\/pages\/2197\/revisions\/2331"}],"wp:attachment":[{"href":"https:\/\/iesarmstrong-cat.infd.edu.ar\/sitio\/wp-json\/wp\/v2\/media?parent=2197"}],"curies":[{"name":"wp","href":"https:\/\/api.w.org\/{rel}","templated":true}]}}