{"id":2211,"date":"2020-03-20T17:22:58","date_gmt":"2020-03-20T20:22:58","guid":{"rendered":"https:\/\/iesarmstrong-cat.infd.edu.ar\/sitio\/?page_id=2211"},"modified":"2020-04-08T11:01:10","modified_gmt":"2020-04-08T14:01:10","slug":"profesorado-de-educacion-secundaria-en-ciencias-politicas","status":"publish","type":"page","link":"https:\/\/iesarmstrong-cat.infd.edu.ar\/sitio\/profesorado-de-educacion-secundaria-en-ciencias-politicas\/","title":{"rendered":"Profesorado de Educaci\u00f3n Secundaria en Ciencias Pol\u00edticas"},"content":{"rendered":"<h2 style=\"text-align: center;\"><span style=\"color: #0000ff;\"><strong><u>Profesorado de Educaci\u00f3n Secundaria en Ciencias Pol\u00edticas <\/u><\/strong><\/span><\/h2>\n<h3><span style=\"color: #800000;\"><strong>Materias del Curso: 1\u00b0 A\u00f1o.<\/strong><\/span><\/h3>\n<p>Pedagog\u00eda<\/p>\n<p>Psicolog\u00eda Educacional<\/p>\n<p>Did\u00e1ctica General<\/p>\n<p><a href=\"https:\/\/iesarmstrong-cat.infd.edu.ar\/sitio\/wp-content\/uploads\/2020\/03\/Pensar-la-dictadura.pdf\">Lectura y Escritura Acad\u00e9mica<\/a>\u00a0\u2192 <a href=\"https:\/\/iesarmstrong-cat.infd.edu.ar\/sitio\/wp-content\/uploads\/2020\/03\/Notes_200323_235105_1e8.pdf\">Actividad\u00a0<\/a><\/p>\n<p>Instituciones Educativas y Contextos Comunitarios<\/p>\n<p>Historia social y polic\u00eda Latinoamericana<\/p>\n<p>Antropolog\u00eda<\/p>\n<p>Teor\u00eda Pol\u00edtica I<\/p>\n<p>Sociolog\u00eda<\/p>\n<h3><span style=\"color: #800000;\"><strong>Materias del Curso: 2\u00b0 A\u00f1o.<\/strong><\/span><\/h3>\n<p>Sociolog\u00eda de la Educaci\u00f3n<\/p>\n<p>Historia y Pol\u00edtica de la Educaci\u00f3n<\/p>\n<p>Curr\u00edculum y programaci\u00f3n de la ense\u00f1anza<\/p>\n<p>Sujeto de la Educaci\u00f3n Secundaria<\/p>\n<p>Historia Pol\u00edtica Argentina<\/p>\n<p>Econom\u00eda Pol\u00edtica<\/p>\n<p>Historia del pensamiento Pol\u00edtico\u00a0\u2192 <a href=\"https:\/\/iesarmstrong-cat.infd.edu.ar\/sitio\/wp-content\/uploads\/2020\/04\/1.-Platon.doc\">Arch.1<\/a> <a href=\"https:\/\/iesarmstrong-cat.infd.edu.ar\/sitio\/wp-content\/uploads\/2020\/04\/2.-Arist\u00f3teles.doc\">Arch.2<\/a> <a href=\"https:\/\/iesarmstrong-cat.infd.edu.ar\/sitio\/wp-content\/uploads\/2020\/04\/3.-Arist\u00f3teles-La-Pol\u00edtica.doc\">Arch.3<\/a> <a href=\"https:\/\/iesarmstrong-cat.infd.edu.ar\/sitio\/wp-content\/uploads\/2020\/04\/4.-Hobbes-El-Leviatan.doc\">Arch.4<\/a>\u00a0<a href=\"https:\/\/iesarmstrong-cat.infd.edu.ar\/sitio\/wp-content\/uploads\/2020\/04\/5.-John-Locke-Segundo-tratado-del-gobierno-civil-2.doc\">Arch.5<\/a>\u00a0\u00a0<a href=\"https:\/\/iesarmstrong-cat.infd.edu.ar\/sitio\/wp-content\/uploads\/2020\/04\/5.-John-Locke-Segundo-tratado-del-gobierno-civil.doc\">Arch.6<\/a> <a href=\"https:\/\/iesarmstrong-cat.infd.edu.ar\/sitio\/wp-content\/uploads\/2020\/04\/6.-Maquiavello-El-principe.doc\">Arch.7<\/a> <a href=\"https:\/\/iesarmstrong-cat.infd.edu.ar\/sitio\/wp-content\/uploads\/2020\/04\/7.-Bentham.doc\">Arch.8<\/a> <a href=\"https:\/\/iesarmstrong-cat.infd.edu.ar\/sitio\/wp-content\/uploads\/2020\/04\/8.-John-Stuart-Mill.doc\">Arch.9<\/a> <a href=\"https:\/\/iesarmstrong-cat.infd.edu.ar\/sitio\/wp-content\/uploads\/2020\/04\/9.-Rousseau-El-Contrato-Social.doc\">Arch.10<\/a> <a href=\"https:\/\/iesarmstrong-cat.infd.edu.ar\/sitio\/wp-content\/uploads\/2020\/04\/Cuadro-Sinoptico-Locke.doc\">Arch.11<\/a> <a href=\"https:\/\/iesarmstrong-cat.infd.edu.ar\/sitio\/wp-content\/uploads\/2020\/04\/John-Lock-II.doc\">Arch.12<\/a> <a href=\"https:\/\/iesarmstrong-cat.infd.edu.ar\/sitio\/wp-content\/uploads\/2020\/04\/Rousseau-II.doc\">Arch.13<\/a> Arch.14<\/p>\n<p>Teor\u00eda Pol\u00edtica II<\/p>\n<p>Did\u00e1ctica de las Ciencias Sociales<\/p>\n<p>Unidad de Definici\u00f3n Institucional<\/p>\n<h3><span style=\"color: #800000;\"><strong>Materias del Curso: 3\u00b0 A\u00f1o.<\/strong><\/span><\/h3>\n<p>Educaci\u00f3n Sexual Integral<\/p>\n<p>Filosof\u00eda de la educaci\u00f3n<\/p>\n<p>TIC aplicada a la educaci\u00f3n<\/p>\n<p>Pr\u00e1ctica de la ense\u00f1anza<\/p>\n<p>Did\u00e1ctica de la Teor\u00eda Pol\u00edtica<\/p>\n<p>Derecho Constitucional<\/p>\n<p>Metodolog\u00eda de la Investigaci\u00f3n en Ciencias Sociales<\/p>\n<p>Teor\u00eda Pol\u00edtica III<\/p>\n<p>Formaci\u00f3n \u00c9tica y Ciudadana<\/p>\n<p>Unidad de Definici\u00f3n Institucional<\/p>\n<h3><span style=\"color: #800000;\"><strong>Materias del Curso: 4\u00b0 A\u00f1o.<\/strong><\/span><\/h3>\n<p>\u00c9tica y construcci\u00f3n de la ciudadan\u00eda<\/p>\n<p>Problema actuales de la educaci\u00f3n secundaria<\/p>\n<p>Pr\u00e1ctica docente y Residencia<\/p>\n<p>Cultura Pol\u00edtica, Opini\u00f3n P\u00fablica y Medios Comunicaci\u00f3n Social<\/p>\n<p>Teor\u00eda de las relaciones internacionales<\/p>\n<p>Administraci\u00f3n y Pol\u00edticas P\u00fablicas<\/p>\n<p><a href=\"https:\/\/iesarmstrong-cat.infd.edu.ar\/sitio\/wp-content\/uploads\/2020\/04\/grupos-sociales.pdf\">Pol\u00edticas Comparadas<\/a><\/p>\n<p>Problem\u00e1tica Pol\u00edtica contempor\u00e1nea<\/p>\n<p>Unidad definici\u00f3n Institucional<\/p>\n","protected":false},"excerpt":{"rendered":"<p>Profesorado de Educaci\u00f3n Secundaria en Ciencias Pol\u00edticas Materias del Curso: 1\u00b0 A\u00f1o. Pedagog\u00eda Psicolog\u00eda Educacional Did\u00e1ctica General Lectura y Escritura Acad\u00e9mica\u00a0\u2192 Actividad\u00a0 Instituciones Educativas y Contextos Comunitarios Historia social y polic\u00eda Latinoamericana Antropolog\u00eda Teor\u00eda Pol\u00edtica I Sociolog\u00eda Materias del Curso: 2\u00b0 A\u00f1o. Sociolog\u00eda de la Educaci\u00f3n Historia y Pol\u00edtica de la Educaci\u00f3n Curr\u00edculum y programaci\u00f3n &#8230; <a title=\"Profesorado de Educaci\u00f3n Secundaria en Ciencias Pol\u00edticas\" class=\"read-more\" href=\"https:\/\/iesarmstrong-cat.infd.edu.ar\/sitio\/profesorado-de-educacion-secundaria-en-ciencias-politicas\/\" aria-label=\"More on Profesorado de Educaci\u00f3n Secundaria en Ciencias Pol\u00edticas\">[+]<\/a><\/p>\n","protected":false},"author":452,"featured_media":0,"parent":0,"menu_order":0,"comment_status":"closed","ping_status":"closed","template":"","meta":[],"acf":[],"_links":{"self":[{"href":"https:\/\/iesarmstrong-cat.infd.edu.ar\/sitio\/wp-json\/wp\/v2\/pages\/2211"}],"collection":[{"href":"https:\/\/iesarmstrong-cat.infd.edu.ar\/sitio\/wp-json\/wp\/v2\/pages"}],"about":[{"href":"https:\/\/iesarmstrong-cat.infd.edu.ar\/sitio\/wp-json\/wp\/v2\/types\/page"}],"author":[{"embeddable":true,"href":"https:\/\/iesarmstrong-cat.infd.edu.ar\/sitio\/wp-json\/wp\/v2\/users\/452"}],"replies":[{"embeddable":true,"href":"https:\/\/iesarmstrong-cat.infd.edu.ar\/sitio\/wp-json\/wp\/v2\/comments?post=2211"}],"version-history":[{"count":6,"href":"https:\/\/iesarmstrong-cat.infd.edu.ar\/sitio\/wp-json\/wp\/v2\/pages\/2211\/revisions"}],"predecessor-version":[{"id":2324,"href":"https:\/\/iesarmstrong-cat.infd.edu.ar\/sitio\/wp-json\/wp\/v2\/pages\/2211\/revisions\/2324"}],"wp:attachment":[{"href":"https:\/\/iesarmstrong-cat.infd.edu.ar\/sitio\/wp-json\/wp\/v2\/media?parent=2211"}],"curies":[{"name":"wp","href":"https:\/\/api.w.org\/{rel}","templated":true}]}}