{"id":760,"date":"2018-06-29T19:03:53","date_gmt":"2018-06-29T22:03:53","guid":{"rendered":"https:\/\/iesarmstrong-cat.infd.edu.ar\/sitio\/secretaria-academica\/"},"modified":"2020-02-27T11:52:12","modified_gmt":"2020-02-27T14:52:12","slug":"secretaria-academica","status":"publish","type":"page","link":"https:\/\/iesarmstrong-cat.infd.edu.ar\/sitio\/secretaria-academica\/","title":{"rendered":"Secretaria Acad\u00e9mica"},"content":{"rendered":"<p><span style=\"color: #3366ff; font-family: 'andale mono', times; font-size: 18pt;\"><a style=\"color: #3366ff;\" title=\"Nuevo R\u00e9gimen de Licencia\" href=\"upload\/Nuevo_Regimen_de_Licencia.pdf\" target=\"_blank\" rel=\"noopener\">#Nuevo R\u00e9gimen de Licencia<\/a><\/span><\/p>\n<p><span style=\"color: #3366ff; font-family: 'andale mono', times; font-size: 18pt;\"><a style=\"color: #3366ff;\" title=\"RAM-2017\" href=\"https:\/\/drive.google.com\/file\/d\/1tVC-c-UnJ980cGGi_Eav6l5pMoq-rZ7t\/view\" target=\"_blank\" rel=\"noopener\">#R\u00e9gimen Acad\u00e9mico Marco<\/a><\/span><\/p>\n<p><span style=\"color: #3366ff; font-family: 'andale mono', times; font-size: 18pt;\"><a style=\"color: #3366ff;\" title=\"ROM\" href=\"https:\/\/drive.google.com\/file\/d\/1QSb3cdhMedcaAb2AKDuC7D8if5U166vc\/view\" target=\"_blank\" rel=\"noopener\">#Reglamento Organico Marco ROM<\/a><\/span><\/p>\n<p><span style=\"color: #3366ff; font-family: 'andale mono', times; font-size: 18pt;\"><a style=\"color: #3366ff;\" title=\"Reglamento de Practicas 2015\" href=\"upload\/Practica_ll_y_lll_criterios_2015_CJA.pdf\" target=\"_blank\" rel=\"noopener\">#Reglamento de Pr\u00e1ctica<\/a><\/span><\/p>\n<h4><span style=\"color: #3366ff;\"><a style=\"color: #3366ff;\" href=\"https:\/\/drive.google.com\/file\/d\/1lI_kuhLlKPg3rXK_NcEh2MrSmMp6SHjA\/view?usp=sharing\">#Reglamento Acad\u00e9mico Institucional RAI<\/a><\/span><\/h4>\n<p>&nbsp;<\/p>\n","protected":false},"excerpt":{"rendered":"<p>#Nuevo R\u00e9gimen de Licencia #R\u00e9gimen Acad\u00e9mico Marco #Reglamento Organico Marco ROM #Reglamento de Pr\u00e1ctica #Reglamento Acad\u00e9mico Institucional RAI &nbsp;<\/p>\n","protected":false},"author":452,"featured_media":0,"parent":0,"menu_order":0,"comment_status":"closed","ping_status":"closed","template":"","meta":[],"acf":[],"_links":{"self":[{"href":"https:\/\/iesarmstrong-cat.infd.edu.ar\/sitio\/wp-json\/wp\/v2\/pages\/760"}],"collection":[{"href":"https:\/\/iesarmstrong-cat.infd.edu.ar\/sitio\/wp-json\/wp\/v2\/pages"}],"about":[{"href":"https:\/\/iesarmstrong-cat.infd.edu.ar\/sitio\/wp-json\/wp\/v2\/types\/page"}],"author":[{"embeddable":true,"href":"https:\/\/iesarmstrong-cat.infd.edu.ar\/sitio\/wp-json\/wp\/v2\/users\/452"}],"replies":[{"embeddable":true,"href":"https:\/\/iesarmstrong-cat.infd.edu.ar\/sitio\/wp-json\/wp\/v2\/comments?post=760"}],"version-history":[{"count":6,"href":"https:\/\/iesarmstrong-cat.infd.edu.ar\/sitio\/wp-json\/wp\/v2\/pages\/760\/revisions"}],"predecessor-version":[{"id":2067,"href":"https:\/\/iesarmstrong-cat.infd.edu.ar\/sitio\/wp-json\/wp\/v2\/pages\/760\/revisions\/2067"}],"wp:attachment":[{"href":"https:\/\/iesarmstrong-cat.infd.edu.ar\/sitio\/wp-json\/wp\/v2\/media?parent=760"}],"curies":[{"name":"wp","href":"https:\/\/api.w.org\/{rel}","templated":true}]}}